{"id":13165,"date":"2017-02-06T16:16:43","date_gmt":"2017-02-06T16:16:43","guid":{"rendered":"http:\/\/topfit.mikado-themes.com\/?page_id=13165"},"modified":"2024-02-01T14:45:00","modified_gmt":"2024-02-01T14:45:00","slug":"contact-us","status":"publish","type":"page","link":"https:\/\/fshm.al\/index.php\/contact-us\/","title":{"rendered":"Kontakt"},"content":{"rendered":"<p>[vc_row row_type=&#8221;parallax&#8221; content_width=&#8221;grid&#8221; full_screen_section_height=&#8221;no&#8221; css=&#8221;.vc_custom_1488188079853{padding-top: 130px !important;padding-bottom: 92px !important;background-image: url(http:\/\/topfit.mikado-themes.com\/wp-content\/uploads\/2017\/02\/contact-page-image-1.jpg?id=13233) !important;}&#8221;][vc_column offset=&#8221;vc_col-lg-6 vc_col-md-12 vc_col-xs-12&#8243;]<div class=\"mkd-elements-holder mkd-responsive-mode-768\" ><div class=\"mkd-elements-holder-item mkd-width-1-2 mkd-horizontal-alignment-left\"  >\n\t<div class=\"mkd-elements-holder-item-inner\">\n\t\t<div class=\"mkd-elements-holder-item-content mkd-elements-holder-custom-840917\" style=\"padding: 0 0 0 0\">\n\t\t\t            \t\t\t    [vc_raw_html]JTNDaWZyYW1lJTIwc3JjJTNEJTIyaHR0cHMlM0ElMkYlMkZ3d3cuZ29vZ2xlLmNvbSUyRm1hcHMlMkZlbWJlZCUzRnBiJTNEJTIxMW0xOCUyMTFtMTIlMjExbTMlMjExZDI5OTYuNzY4OTkyMzY2MzI0MyUyMTJkMTkuODA3NTczMzE4MDEwODE0JTIxM2Q0MS4zMTM4ODg4MDQ1NTY5JTIxMm0zJTIxMWYwJTIxMmYwJTIxM2YwJTIxM20yJTIxMWkxMDI0JTIxMmk3NjglMjE0ZjEzLjElMjEzbTMlMjExbTIlMjExczB4MTM1MDMwZjhmMGRmNmM1OSUyNTNBMHhmNjZiMzkzM2IzNjExYWJkJTIxMnNUaXJhbmElMjUyME9seW1waWMlMjUyMFBhcmslMjE1ZTAlMjEzbTIlMjExc2VuJTIxMnMlMjE0djE2MjQ0NzcyNTQ1MzclMjE1bTIlMjExc2VuJTIxMnMlMjIlMjB3aWR0aCUzRCUyMjYwMCUyMiUyMGhlaWdodCUzRCUyMjMwMCUyMiUyMHN0eWxlJTNEJTIyYm9yZGVyJTNBMCUzQiUyMiUyMGFsbG93ZnVsbHNjcmVlbiUzRCUyMiUyMiUyMGxvYWRpbmclM0QlMjJsYXp5JTIyJTNFJTNDJTJGaWZyYW1lJTNF[\/vc_raw_html][vc_empty_space height=&#8221;28px&#8221;][vc_column_text]Parku Olimpik \u00ebsht\u00eb nj\u00eb kompleks modern q\u00eb mbledh bashk\u00eb t\u00eb gjitha strukturat zinxhir t\u00eb sportit, federatat, pesh\u00ebngritjen, mundjen, atletik\u00ebn si dhe loj\u00ebrat me dor\u00eb.[\/vc_column_text][vc_empty_space height=&#8221;28px&#8221;][vc_column_text]<\/p>\n<h5><span style=\"color: #808080;\">Address:<\/span><\/h5>\n<p>[\/vc_column_text][vc_column_text]<\/p>\n<h5>Rruga Liman Kaba , Tirane<\/h5>\n<p>[\/vc_column_text][vc_empty_space height=&#8221;22px&#8221;][vc_row_inner][vc_column_inner width=&#8221;1\/2&#8243;][vc_column_text]<\/p>\n<h5><span style=\"color: #808080;\">Email:<\/span><\/h5>\n<p>[\/vc_column_text][vc_column_text]<\/p>\n<h5>alb@unitedworldwrestling.org<\/h5>\n<p>[\/vc_column_text][\/vc_column_inner][\/vc_row_inner]            \t\t<\/div>\n\t<\/div>\n<\/div><\/div>[vc_empty_space height=&#8221;35px&#8221;][\/vc_column][vc_column offset=&#8221;vc_col-lg-6 vc_col-md-12 vc_col-xs-12&#8243;]\n<div class=\"wpcf7 no-js\" id=\"wpcf7-f13243-o1\" lang=\"en-US\" dir=\"ltr\" data-wpcf7-id=\"13243\">\n<div class=\"screen-reader-response\"><p role=\"status\" aria-live=\"polite\" aria-atomic=\"true\"><\/p> <ul><\/ul><\/div>\n<form action=\"\/index.php\/wp-json\/wp\/v2\/pages\/13165#wpcf7-f13243-o1\" method=\"post\" class=\"wpcf7-form init\" aria-label=\"Contact form\" novalidate=\"novalidate\" data-status=\"init\">\n<fieldset class=\"hidden-fields-container\"><input type=\"hidden\" name=\"_wpcf7\" value=\"13243\" \/><input type=\"hidden\" name=\"_wpcf7_version\" value=\"6.1.5\" \/><input type=\"hidden\" name=\"_wpcf7_locale\" value=\"en_US\" \/><input type=\"hidden\" name=\"_wpcf7_unit_tag\" value=\"wpcf7-f13243-o1\" \/><input type=\"hidden\" name=\"_wpcf7_container_post\" value=\"0\" \/><input type=\"hidden\" name=\"_wpcf7_posted_data_hash\" value=\"\" \/>\n<\/fieldset>\n<p><label> Emri*<br \/>\n<span class=\"wpcf7-form-control-wrap\" data-name=\"your-name\"><input size=\"40\" maxlength=\"400\" class=\"wpcf7-form-control wpcf7-text wpcf7-validates-as-required\" aria-required=\"true\" aria-invalid=\"false\" value=\"\" type=\"text\" name=\"your-name\" \/><\/span> <\/label>\n<\/p>\n<p><label> Mbiemri*<br \/>\n<span class=\"wpcf7-form-control-wrap\" data-name=\"your-name\"><input size=\"40\" maxlength=\"400\" class=\"wpcf7-form-control wpcf7-text wpcf7-validates-as-required\" aria-required=\"true\" aria-invalid=\"false\" value=\"\" type=\"text\" name=\"your-name\" \/><\/span> <\/label>\n<\/p>\n<p><label> Email*<br \/>\n<span class=\"wpcf7-form-control-wrap\" data-name=\"your-email\"><input size=\"40\" maxlength=\"400\" class=\"wpcf7-form-control wpcf7-email wpcf7-validates-as-required wpcf7-text wpcf7-validates-as-email\" aria-required=\"true\" aria-invalid=\"false\" value=\"\" type=\"email\" name=\"your-email\" \/><\/span> <\/label>\n<\/p>\n<p><label> Celular<br \/>\n<span class=\"wpcf7-form-control-wrap\" data-name=\"your-phone\"><input size=\"40\" maxlength=\"400\" class=\"wpcf7-form-control wpcf7-text\" aria-invalid=\"false\" value=\"\" type=\"text\" name=\"your-phone\" \/><\/span> <\/label>\n<\/p>\n<p><label> Koment<br \/>\n<span class=\"wpcf7-form-control-wrap\" data-name=\"your-message\"><textarea cols=\"40\" rows=\"10\" maxlength=\"2000\" class=\"wpcf7-form-control wpcf7-textarea\" aria-invalid=\"false\" name=\"your-message\"><\/textarea><\/span> <\/label>\n<\/p>\n<p><input class=\"wpcf7-form-control wpcf7-submit has-spinner\" type=\"submit\" value=\"Dergo\" \/>\n<\/p><div class=\"wpcf7-response-output\" aria-hidden=\"true\"><\/div>\n<\/form>\n<\/div>\n[\/vc_column][\/vc_row][vc_row content_width=&#8221;grid&#8221; content_aligment=&#8221;center&#8221; css=&#8221;.vc_custom_1706798080858{padding-top: 66px !important;padding-bottom: 74px !important;background-color: #000000 !important;}&#8221;][vc_column offset=&#8221;vc_col-lg-12 vc_col-md-12 vc_col-xs-12&#8243;][vc_column_text]<\/p>\n<h5><span style=\"color: #ffffff;\">Na Kontaktoni<\/span><\/h5>\n<p>[\/vc_column_text][vc_empty_space]\n\t<span class=\"mkd-icon-shortcode circle\" style=\"width: 50px;height: 50px;line-height: 50px;background-color: #ff0000;border-style: solid;border-color: #ff0000;border-width: 1px\" data-hover-border-color=\"#e64852\" data-hover-background-color=\"#e64852\" data-hover-color=\"#ffffff\" data-color=\"#ffffff\">\n        \t\t<a  href=\"https:\/\/www.facebook.com\/Wrestling.FSHM\/\" target=\"_blank\">\n\t\t\t\n\t\t\t<i class=\"mkd-icon-font-awesome fa fa-facebook-f mkd-icon-element\" style=\"color: #ffffff;font-size:20px\" ><\/i>\n\t\t\t\t\t<\/a>\n\t\t<span class=\"mkd-icon-overlay\"><\/span>\n\t\t    <\/span>\n\n\t\n\t<span class=\"mkd-icon-shortcode circle\" style=\"width: 50px;height: 50px;line-height: 50px;background-color: #ff0000;border-style: solid;border-color: #ff0000;border-width: 1px\" data-hover-border-color=\"#e64852\" data-hover-background-color=\"#e64852\" data-hover-color=\"#ffffff\" data-color=\"#ffffff\">\n        \t\t<a  href=\"https:\/\/www.instagram.com\/federatashqiptareemundjes\/\" target=\"_blank\">\n\t\t\t\n\t\t\t<i class=\"mkd-icon-font-awesome fa fa-instagram mkd-icon-element\" style=\"color: #ffffff;font-size:20px\" ><\/i>\n\t\t\t\t\t<\/a>\n\t\t<span class=\"mkd-icon-overlay\"><\/span>\n\t\t    <\/span>\n\n\t\n\t<span class=\"mkd-icon-shortcode circle\" style=\"width: 50px;height: 50px;line-height: 50px;background-color: #ff0000;border-style: solid;border-color: #ff0000;border-width: 1px\" data-hover-border-color=\"#e64852\" data-hover-background-color=\"#e64852\" data-hover-color=\"#ffffff\" data-color=\"#ffffff\">\n        \t\t<a  href=\"https:\/\/www.youtube.com\/channel\/UCcFblhbinx1vTQnKx_s9SrA\" target=\"_blank\">\n\t\t\t\n\t\t\t<i class=\"mkd-icon-font-awesome fa fa-youtube-play mkd-icon-element\" style=\"color: #ffffff;font-size:20px\" ><\/i>\n\t\t\t\t\t<\/a>\n\t\t<span class=\"mkd-icon-overlay\"><\/span>\n\t\t    <\/span>\n\n\t[\/vc_column][\/vc_row]<\/p>\n","protected":false},"excerpt":{"rendered":"<p>[vc_row row_type=&#8221;parallax&#8221; content_width=&#8221;grid&#8221; full_screen_section_height=&#8221;no&#8221; css=&#8221;.vc_custom_1488188079853{padding-top: 130px !important;padding-bottom: 92px !important;background-image: url(http:\/\/topfit.mikado-themes.com\/wp-content\/uploads\/2017\/02\/contact-page-image-1.jpg?id=13233) !important;}&#8221;][vc_column offset=&#8221;vc_col-lg-6 vc_col-md-12 vc_col-xs-12&#8243;][vc_empty_space height=&#8221;35px&#8221;][\/vc_column][vc_column offset=&#8221;vc_col-lg-6 vc_col-md-12 vc_col-xs-12&#8243;][\/vc_column][\/vc_row][vc_row content_width=&#8221;grid&#8221; content_aligment=&#8221;center&#8221; css=&#8221;.vc_custom_1706798080858{padding-top: 66px !important;padding-bottom: 74px !important;background-color: #000000 !important;}&#8221;][vc_column offset=&#8221;vc_col-lg-12 vc_col-md-12 vc_col-xs-12&#8243;][vc_column_text] Na Kontaktoni [\/vc_column_text][vc_empty_space][\/vc_column][\/vc_row]<\/p>\n","protected":false},"author":1,"featured_media":0,"parent":0,"menu_order":0,"comment_status":"closed","ping_status":"closed","template":"full-width.php","meta":{"footnotes":""},"class_list":["post-13165","page","type-page","status-publish","hentry"],"_links":{"self":[{"href":"https:\/\/fshm.al\/index.php\/wp-json\/wp\/v2\/pages\/13165","targetHints":{"allow":["GET"]}}],"collection":[{"href":"https:\/\/fshm.al\/index.php\/wp-json\/wp\/v2\/pages"}],"about":[{"href":"https:\/\/fshm.al\/index.php\/wp-json\/wp\/v2\/types\/page"}],"author":[{"embeddable":true,"href":"https:\/\/fshm.al\/index.php\/wp-json\/wp\/v2\/users\/1"}],"replies":[{"embeddable":true,"href":"https:\/\/fshm.al\/index.php\/wp-json\/wp\/v2\/comments?post=13165"}],"version-history":[{"count":21,"href":"https:\/\/fshm.al\/index.php\/wp-json\/wp\/v2\/pages\/13165\/revisions"}],"predecessor-version":[{"id":16060,"href":"https:\/\/fshm.al\/index.php\/wp-json\/wp\/v2\/pages\/13165\/revisions\/16060"}],"wp:attachment":[{"href":"https:\/\/fshm.al\/index.php\/wp-json\/wp\/v2\/media?parent=13165"}],"curies":[{"name":"wp","href":"https:\/\/api.w.org\/{rel}","templated":true}]}}