{"id":12788,"date":"2017-02-03T11:10:41","date_gmt":"2017-02-03T11:10:41","guid":{"rendered":"http:\/\/topfit.mikado-themes.com\/?page_id=12788"},"modified":"2024-02-01T18:38:51","modified_gmt":"2024-02-01T18:38:51","slug":"fshm","status":"publish","type":"page","link":"https:\/\/fshm.al\/index.php\/fshm\/","title":{"rendered":"FSHM"},"content":{"rendered":"<p>[vc_row css=&#8221;.vc_custom_1488278657395{background-color: #ffffff !important;}&#8221;][vc_column]<div class=\"mkd-elements-holder mkd-responsive-mode-1024 mkd-one-column-alignment-left\" ><div class=\"mkd-elements-holder-item mkd-width-2-3 mkd-horizontal-alignment-left mkd-fade-in-down\" data-animation=\"mkd-fade-in-down\" style=\"background-color: #ff0000;transition-delay:0ms;-webkit-transition-delay:0ms\">\n\t<div class=\"mkd-elements-holder-item-inner\">\n\t\t<div class=\"mkd-elements-holder-item-content mkd-elements-holder-custom-768478\" style=\"padding: 12.2% 14% 14% 11.5%\">\n\t\t\t            \t\t\t    [vc_column_text][\/vc_column_text][vc_empty_space height=&#8221;17px&#8221;]<div class=\"mkd-section-title-holder\">\n\t<h2 class=\"mkd-section-title mkd-section-title-medium mkd-section-title-left\" style=\"color: #ffffff;text-align: left\">\n\tHistoria<\/h2>\n<\/div><div class=\"mkd-iwt clearfix mkd-iwt-icon-top mkd-iwt-icon-tiny\" style=\"text-align: left\">\n\t<div class=\"mkd-iwt-icon-holder\">\n\t\t\t\t\t\n\t<span class=\"mkd-icon-shortcode normal\" style=\"margin: 0 0 20px 0\" data-color=\"#ffffff\">\n        \n\t\t\t\n\t\t\t    <\/span>\n\n\t\t\t\t<\/div>\n\t<div class=\"mkd-iwt-content-holder\" style=\"padding: -20px 0px 0px 0px\">\n\t\t\t<div class=\"mkd-iwt-text-holder\">\n\t\t<p style=\"color: #ffffff\">N\u00eb Prill 1947 u krijua pran\u00eb K\u00ebshillit t\u00eb Ministrave, Komiteti i Kultur\u00ebs Fizike dhe Sporteve me deg\u00ebt e ve\u00e7anta. N\u00eb vitin 1947 kemi p\u00ebrfaq\u00ebsimin e par\u00eb t\u00eb ekipit komb\u00ebtar t\u00eb mundjes n\u00eb veprimtari ballkanike.<\/p>\n\n\t\t\t<\/div>\n<\/div>\n<\/div>[vc_empty_space height=&#8221;23px&#8221;]\n\t<span class=\"mkd-icon-shortcode circle\" style=\"margin: 0;width: 32px;height: 32px;line-height: 32px;background-color: #000000;border-color: #000000\" data-hover-border-color=\"#dd3333\" data-hover-background-color=\"#dd3333\" data-hover-color=\"#ffffff\" data-color=\"#ffffff\">\n        \t\t<a  href=\"https:\/\/www.facebook.com\/Wrestling.FSHM\/\" target=\"_blank\">\n\t\t\t\n\t\t\t<span aria-hidden=\"true\" class=\"mkd-icon-font-elegant social_facebook mkd-icon-element\" style=\"color: #ffffff;font-size:13px\" ><\/span>\n\t\t\t\t\t<\/a>\n\t\t<span class=\"mkd-icon-overlay\"><\/span>\n\t\t    <\/span>\n\n\t\n\t<span class=\"mkd-icon-shortcode circle\" style=\"margin: 0;width: 32px;height: 32px;line-height: 32px;background-color: #000000;border-color: #000000\" data-hover-border-color=\"#dd3333\" data-hover-background-color=\"#dd3333\" data-hover-color=\"#ffffff\" data-color=\"#ffffff\">\n        \t\t<a  href=\"https:\/\/www.instagram.com\/federatashqiptareemundjes\/\" target=\"_blank\">\n\t\t\t\n\t\t\t<span aria-hidden=\"true\" class=\"mkd-icon-font-elegant social_instagram mkd-icon-element\" style=\"color: #ffffff;font-size:13px\" ><\/span>\n\t\t\t\t\t<\/a>\n\t\t<span class=\"mkd-icon-overlay\"><\/span>\n\t\t    <\/span>\n\n\t\n\t<span class=\"mkd-icon-shortcode circle\" style=\"margin: 0;width: 32px;height: 32px;line-height: 32px;background-color: #000000;border-color: #000000\" data-hover-border-color=\"#dd3333\" data-hover-background-color=\"#dd3333\" data-hover-color=\"#ffffff\" data-color=\"#ffffff\">\n        \t\t<a  href=\"https:\/\/www.youtube.com\/channel\/UCcFblhbinx1vTQnKx_s9SrA\" target=\"_blank\">\n\t\t\t\n\t\t\t<span aria-hidden=\"true\" class=\"mkd-icon-font-elegant social_youtube_circle mkd-icon-element\" style=\"color: #ffffff;font-size:13px\" ><\/span>\n\t\t\t\t\t<\/a>\n\t\t<span class=\"mkd-icon-overlay\"><\/span>\n\t\t    <\/span>\n\n\t            \t\t<\/div>\n\t<\/div>\n<\/div><div class=\"mkd-elements-holder-item mkd-width-1-3 mkd-horizontal-alignment-left mkd-fade-in-down\" data-animation=\"mkd-fade-in-down\" style=\"background-color: #0a0101;transition-delay:500ms;-webkit-transition-delay:500ms\">\n\t<div class=\"mkd-elements-holder-item-inner\">\n\t\t<div class=\"mkd-elements-holder-item-content mkd-elements-holder-custom-433356\" style=\"padding: 32.2% 15% 32.2% 15%\">\n\t\t\t\t\t\t\t<style type=\"text\/css\" data-type=\"mkd-elements-custom-padding\" scoped>\n\t\t\t\t\t\t\t\t\t\t@media only screen and (min-width: 1280px) and (max-width: 1440px) {\n\t\t\t\t\t\t.mkd-elements-holder .mkd-elements-holder-item-content.mkd-elements-holder-custom-433356 {\n\t\t\t\t\t\t\tpadding: 32.2% 15% 32.2% 15% !important;\n\t\t\t\t\t\t}\n\t\t\t\t\t}\n\n\t\t\t\t\t\t\t\t\t\t\t\t\t\t\t@media only screen and (min-width: 1024px) and (max-width: 1280px) {\n\t\t\t\t\t\t.mkd-elements-holder .mkd-elements-holder-item-content.mkd-elements-holder-custom-433356 {\n\t\t\t\t\t\t\tpadding: 32.2% 15% 32.2% 15% !important;\n\t\t\t\t\t\t}\n\t\t\t\t\t}\n\n\t\t\t\t\t\t\t\t\t\t\t\t\t\t\t@media only screen and (min-width: 768px) and (max-width: 1024px) {\n\t\t\t\t\t\t.mkd-elements-holder .mkd-elements-holder-item-content.mkd-elements-holder-custom-433356 {\n\t\t\t\t\t\t\tpadding: 10% 10% 10% 10% !important;\n\t\t\t\t\t\t}\n\t\t\t\t\t}\n\n\t\t\t\t\t\t\t\t\t\t\t\t\t\t\t@media only screen and (min-width: 600px) and (max-width: 768px) {\n\t\t\t\t\t\t.mkd-elements-holder .mkd-elements-holder-item-content.mkd-elements-holder-custom-433356 {\n\t\t\t\t\t\t\tpadding: 15% 15% 15% 15% !important;\n\t\t\t\t\t\t}\n\t\t\t\t\t}\n\n\t\t\t\t\t\t\t\t\t\t\t\t\t\t\t@media only screen and (min-width: 480px) and (max-width: 600px) {\n\t\t\t\t\t\t.mkd-elements-holder .mkd-elements-holder-item-content.mkd-elements-holder-custom-433356 {\n\t\t\t\t\t\t\tpadding: 25% 15% 25% 15% !important;\n\t\t\t\t\t\t}\n\t\t\t\t\t}\n\n\t\t\t\t\t\t\t\t\t\t\t\t\t\t\t@media only screen and (max-width: 480px) {\n\t\t\t\t\t\t.mkd-elements-holder .mkd-elements-holder-item-content.mkd-elements-holder-custom-433356 {\n\t\t\t\t\t\t\tpadding: 23% 15% 23% 15% !important;\n\t\t\t\t\t\t}\n\t\t\t\t\t}\n\n\t\t\t\t\t\t\t\t\t<\/style>\n\t\t\t            \t\t\t    <div class=\"mkd-iwt clearfix mkd-iwt-icon-top mkd-iwt-icon-small\" style=\"text-align: center\">\n\t<div class=\"mkd-iwt-icon-holder\">\n\t\t\t\t\t<span\n\t\t\t\tclass=\"mkd-iwt-custom-icon\" style=\"margin: 0px 0px 0px 0px\"><img loading=\"lazy\" decoding=\"async\" width=\"1080\" height=\"1080\" src=\"https:\/\/fshm.al\/wp-content\/uploads\/2021\/06\/Logo.png\" class=\"attachment-full size-full\" alt=\"\" srcset=\"https:\/\/fshm.al\/wp-content\/uploads\/2021\/06\/Logo.png 1080w, https:\/\/fshm.al\/wp-content\/uploads\/2021\/06\/Logo-300x300.png 300w, https:\/\/fshm.al\/wp-content\/uploads\/2021\/06\/Logo-1024x1024.png 1024w, https:\/\/fshm.al\/wp-content\/uploads\/2021\/06\/Logo-150x150.png 150w, https:\/\/fshm.al\/wp-content\/uploads\/2021\/06\/Logo-768x768.png 768w, https:\/\/fshm.al\/wp-content\/uploads\/2021\/06\/Logo-550x550.png 550w\" sizes=\"auto, (max-width: 1080px) 100vw, 1080px\" \/><\/span>\n\t\t\t<\/div>\n\t<div class=\"mkd-iwt-content-holder\" style=\"padding: 0px 0px 150px 0px\">\n\t\t\t<div class=\"mkd-iwt-text-holder\">\n\t\t<p style=\"color: #ffffff\">Mundja \u00ebsht\u00eb nj\u00eb sport me tradita t\u00eb lashta p\u00ebr popullin ton\u00eb. P\u00ebrhapja dhe zhvillimi i saj tek ne jane t\u00eb lidhura e t\u00eb pandara nga p\u00ebrparimi i vrullshem i t\u00ebr\u00e9 shoqeris\u00eb ton\u00eb.<\/p>\n\n\t\t\t<\/div>\n<\/div>\n<\/div>            \t\t<\/div>\n\t<\/div>\n<\/div><\/div>[\/vc_column][\/vc_row]<\/p>\n","protected":false},"excerpt":{"rendered":"<p>[vc_row css=&#8221;.vc_custom_1488278657395{background-color: #ffffff !important;}&#8221;][vc_column][\/vc_column][\/vc_row]<\/p>\n","protected":false},"author":1,"featured_media":0,"parent":0,"menu_order":0,"comment_status":"closed","ping_status":"closed","template":"full-width.php","meta":{"footnotes":""},"class_list":["post-12788","page","type-page","status-publish","hentry"],"_links":{"self":[{"href":"https:\/\/fshm.al\/index.php\/wp-json\/wp\/v2\/pages\/12788","targetHints":{"allow":["GET"]}}],"collection":[{"href":"https:\/\/fshm.al\/index.php\/wp-json\/wp\/v2\/pages"}],"about":[{"href":"https:\/\/fshm.al\/index.php\/wp-json\/wp\/v2\/types\/page"}],"author":[{"embeddable":true,"href":"https:\/\/fshm.al\/index.php\/wp-json\/wp\/v2\/users\/1"}],"replies":[{"embeddable":true,"href":"https:\/\/fshm.al\/index.php\/wp-json\/wp\/v2\/comments?post=12788"}],"version-history":[{"count":35,"href":"https:\/\/fshm.al\/index.php\/wp-json\/wp\/v2\/pages\/12788\/revisions"}],"predecessor-version":[{"id":16521,"href":"https:\/\/fshm.al\/index.php\/wp-json\/wp\/v2\/pages\/12788\/revisions\/16521"}],"wp:attachment":[{"href":"https:\/\/fshm.al\/index.php\/wp-json\/wp\/v2\/media?parent=12788"}],"curies":[{"name":"wp","href":"https:\/\/api.w.org\/{rel}","templated":true}]}}