{"id":12634,"date":"2017-02-02T10:29:38","date_gmt":"2017-02-02T10:29:38","guid":{"rendered":"http:\/\/topfit.mikado-themes.com\/?page_id=12634"},"modified":"2024-03-19T13:22:03","modified_gmt":"2024-03-19T13:22:03","slug":"kryefaqe","status":"publish","type":"page","link":"https:\/\/fshm.al\/","title":{"rendered":"Kryefaqe"},"content":{"rendered":"<p>[vc_row][vc_column][\/vc_column][\/vc_row][vc_row content_width=&#8221;grid&#8221; content_aligment=&#8221;center&#8221; css=&#8221;.vc_custom_1488277964084{padding-top: 90px !important;padding-bottom: 59px !important;background-image: url(http:\/\/topfit.mikado-themes.com\/wp-content\/uploads\/2017\/02\/h6-bckr-1.jpg?id=12637) !important;}&#8221;][vc_column][vc_column_text]<\/p>\n<h3><span style=\"color: red;\">FSHM<\/span><\/h3>\n<p>[\/vc_column_text][vc_empty_space height=&#8221;17px&#8221;]<div class=\"mkd-section-title-holder\">\n\t<h2 class=\"mkd-section-title mkd-section-title-medium mkd-section-title-center\" style=\"text-align: center\">\n\tFederata Shqip\u00cbtare E Mundjes<\/h2>\n<\/div>[vc_empty_space height=&#8221;48px&#8221;][vc_row_inner][vc_column_inner width=&#8221;1\/2&#8243; offset=&#8221;vc_col-lg-offset-0 vc_col-lg-3 vc_col-md-offset-1 vc_col-md-5 vc_col-xs-12&#8243;]<div class=\"mkd-elements-holder mkd-responsive-mode-768\" ><div class=\"mkd-elements-holder-item mkd-width-1-1 mkd-horizontal-alignment-left mkd-fade-in-down\" data-animation=\"mkd-fade-in-down\" style=\"transition-delay:0ms;-webkit-transition-delay:0ms\">\n\t<div class=\"mkd-elements-holder-item-inner\">\n\t\t<div class=\"mkd-elements-holder-item-content mkd-elements-holder-custom-515674\" style=\"padding: 0 0 0 0\">\n\t\t\t            \t\t\t    <div class=\"mkd-iwt clearfix mkd-iwt-icon-top mkd-iwt-icon-small\" style=\"text-align: center\">\n\t<div class=\"mkd-iwt-icon-holder\">\n\t\t\t\t\t<span\n\t\t\t\tclass=\"mkd-iwt-custom-icon\" style=\"margin: 0 0 25px 0\"><img loading=\"lazy\" decoding=\"async\" width=\"100\" height=\"100\" src=\"https:\/\/fshm.al\/wp-content\/uploads\/2024\/02\/4-01.png\" class=\"attachment-full size-full\" alt=\"\" \/><\/span>\n\t\t\t<\/div>\n\t<div class=\"mkd-iwt-content-holder\" >\n\t\t\t\t<div class=\"mkd-iwt-title-holder\">\n\t\t\t<h3\t\t\tclass=\"mkd-iwt-title\" \t\t\t>Mundje Stil I Lir\u00eb<\/h3>\n\t<\/div>\n\t\t<div class=\"mkd-iwt-text-holder\">\n\t\t<p ><\/p>\n\n\t\t\t<\/div>\n<\/div>\n<\/div>[vc_empty_space height=&#8221;30px&#8221;]            \t\t<\/div>\n\t<\/div>\n<\/div><\/div>[\/vc_column_inner][vc_column_inner width=&#8221;1\/2&#8243; offset=&#8221;vc_col-lg-offset-0 vc_col-lg-3 vc_col-md-5 vc_col-xs-12&#8243;]<div class=\"mkd-elements-holder mkd-responsive-mode-768\" ><div class=\"mkd-elements-holder-item mkd-width-1-1 mkd-horizontal-alignment-left mkd-fade-in-down\" data-animation=\"mkd-fade-in-down\" style=\"transition-delay:250ms;-webkit-transition-delay:250ms\">\n\t<div class=\"mkd-elements-holder-item-inner\">\n\t\t<div class=\"mkd-elements-holder-item-content mkd-elements-holder-custom-551179\" style=\"padding: 0 0 0 0\">\n\t\t\t            \t\t\t    <div class=\"mkd-iwt clearfix mkd-iwt-icon-top mkd-iwt-icon-small\" style=\"text-align: center\">\n\t<div class=\"mkd-iwt-icon-holder\">\n\t\t\t\t\t<span\n\t\t\t\tclass=\"mkd-iwt-custom-icon\" style=\"margin: 0 0 25px 0\"><img loading=\"lazy\" decoding=\"async\" width=\"100\" height=\"100\" src=\"https:\/\/fshm.al\/wp-content\/uploads\/2024\/02\/3-01.png\" class=\"attachment-full size-full\" alt=\"\" \/><\/span>\n\t\t\t<\/div>\n\t<div class=\"mkd-iwt-content-holder\" >\n\t\t\t\t<div class=\"mkd-iwt-title-holder\">\n\t\t\t<h3\t\t\tclass=\"mkd-iwt-title\" \t\t\t>Mundje Greko-Romake<\/h3>\n\t<\/div>\n\t\t<div class=\"mkd-iwt-text-holder\">\n\t\t<p ><\/p>\n\n\t\t\t<\/div>\n<\/div>\n<\/div>[vc_empty_space height=&#8221;30px&#8221;]            \t\t<\/div>\n\t<\/div>\n<\/div><\/div>[\/vc_column_inner][vc_column_inner width=&#8221;1\/2&#8243; offset=&#8221;vc_col-lg-offset-0 vc_col-lg-3 vc_col-md-offset-1 vc_col-md-5 vc_col-xs-12&#8243;]<div class=\"mkd-elements-holder mkd-responsive-mode-768\" ><div class=\"mkd-elements-holder-item mkd-width-1-1 mkd-horizontal-alignment-left mkd-fade-in-down\" data-animation=\"mkd-fade-in-down\" style=\"transition-delay:500ms;-webkit-transition-delay:500ms\">\n\t<div class=\"mkd-elements-holder-item-inner\">\n\t\t<div class=\"mkd-elements-holder-item-content mkd-elements-holder-custom-262778\" style=\"padding: 0 0 0 0\">\n\t\t\t            \t\t\t    <div class=\"mkd-iwt clearfix mkd-iwt-icon-top mkd-iwt-icon-small\" style=\"text-align: center\">\n\t<div class=\"mkd-iwt-icon-holder\">\n\t\t\t\t\t<span\n\t\t\t\tclass=\"mkd-iwt-custom-icon\" style=\"margin: 0 0 25px 0\"><img loading=\"lazy\" decoding=\"async\" width=\"100\" height=\"100\" src=\"https:\/\/fshm.al\/wp-content\/uploads\/2024\/02\/1-01.png\" class=\"attachment-full size-full\" alt=\"\" \/><\/span>\n\t\t\t<\/div>\n\t<div class=\"mkd-iwt-content-holder\" >\n\t\t\t\t<div class=\"mkd-iwt-title-holder\">\n\t\t\t<h3\t\t\tclass=\"mkd-iwt-title\" \t\t\t>Mundje N\u00eb Plazh<\/h3>\n\t<\/div>\n\t\t<div class=\"mkd-iwt-text-holder\">\n\t\t<p ><\/p>\n\n\t\t\t<\/div>\n<\/div>\n<\/div>[vc_empty_space height=&#8221;30px&#8221;]            \t\t<\/div>\n\t<\/div>\n<\/div><\/div>[\/vc_column_inner][vc_column_inner width=&#8221;1\/2&#8243; offset=&#8221;vc_col-lg-offset-0 vc_col-lg-3 vc_col-md-5 vc_col-xs-12&#8243;]<div class=\"mkd-elements-holder mkd-responsive-mode-768\" ><div class=\"mkd-elements-holder-item mkd-width-1-1 mkd-horizontal-alignment-left mkd-fade-in-down\" data-animation=\"mkd-fade-in-down\" style=\"transition-delay:750ms;-webkit-transition-delay:750ms\">\n\t<div class=\"mkd-elements-holder-item-inner\">\n\t\t<div class=\"mkd-elements-holder-item-content mkd-elements-holder-custom-377313\" style=\"padding: 0 0 0 0\">\n\t\t\t            \t\t\t    <div class=\"mkd-iwt clearfix mkd-iwt-icon-top mkd-iwt-icon-small\" style=\"text-align: center\">\n\t<div class=\"mkd-iwt-icon-holder\">\n\t\t\t\t\t<span\n\t\t\t\tclass=\"mkd-iwt-custom-icon\" style=\"margin: 0 0 25px 0\"><img loading=\"lazy\" decoding=\"async\" width=\"100\" height=\"100\" src=\"https:\/\/fshm.al\/wp-content\/uploads\/2024\/02\/2-01.png\" class=\"attachment-full size-full\" alt=\"\" \/><\/span>\n\t\t\t<\/div>\n\t<div class=\"mkd-iwt-content-holder\" >\n\t\t\t\t<div class=\"mkd-iwt-title-holder\">\n\t\t\t<h3\t\t\tclass=\"mkd-iwt-title\" \t\t\t>Mundje Femra<\/h3>\n\t<\/div>\n\t\t<div class=\"mkd-iwt-text-holder\">\n\t\t<p ><\/p>\n\n\t\t\t<\/div>\n<\/div>\n<\/div>[vc_empty_space height=&#8221;30px&#8221;]            \t\t<\/div>\n\t<\/div>\n<\/div><\/div>[\/vc_column_inner][\/vc_row_inner][\/vc_column][\/vc_row][vc_row content_width=&#8221;grid&#8221; content_aligment=&#8221;center&#8221; css=&#8221;.vc_custom_1486044379854{padding-top: 113px !important;padding-bottom: 96px !important;background-color: #fbfbfb !important;}&#8221;][vc_column][vc_column_text]<\/p>\n<h3>Kalendari i eventeve<\/h3>\n<p>[\/vc_column_text][vc_empty_space height=&#8221;100px&#8221;]<div class=\"mkd-iwt-over\">\n\t\t\t<a href=\"https:\/\/fshm.al\/index.php\/events\/\" target=\"_blank\"><\/a>\n\t\t<div class=\"mkd-image-holder\">\n\t\t<img loading=\"lazy\" decoding=\"async\" width=\"1000\" height=\"300\" src=\"https:\/\/fshm.al\/wp-content\/uploads\/2024\/01\/Untitled-1-01-8.png\" class=\"attachment-full size-full\" alt=\"\" srcset=\"https:\/\/fshm.al\/wp-content\/uploads\/2024\/01\/Untitled-1-01-8.png 1000w, https:\/\/fshm.al\/wp-content\/uploads\/2024\/01\/Untitled-1-01-8-300x90.png 300w, https:\/\/fshm.al\/wp-content\/uploads\/2024\/01\/Untitled-1-01-8-768x230.png 768w\" sizes=\"auto, (max-width: 1000px) 100vw, 1000px\" \/>\t<\/div>\n\t<div class=\"mkd-text-holder\">\n\t\t<div class=\"mkd-text-holder-inner\">\n\t\t\t<p class=\"mkd-text\" >\n\t\t\t\tKliko per te pare kalendarin\t\t\t<\/p>\n\t\t<\/div>\n\t<\/div>\n<\/div>[\/vc_column][\/vc_row][vc_row content_width=&#8221;grid&#8221; css=&#8221;.vc_custom_1486044519983{padding-top: 113px !important;padding-bottom: 130px !important;background-color: #fbfbfb !important;}&#8221;][vc_column]<div class=\"mkd-elements-holder mkd-responsive-mode-1024 mkd-one-column-alignment-left\" ><div class=\"mkd-elements-holder-item mkd-width-1-2 mkd-horizontal-alignment-left\"  >\n\t<div class=\"mkd-elements-holder-item-inner\">\n\t\t<div class=\"mkd-elements-holder-item-content mkd-elements-holder-custom-789437\" style=\"padding: 0 12% 0 0%\">\n\t\t\t\t\t\t\t<style type=\"text\/css\" data-type=\"mkd-elements-custom-padding\" scoped>\n\t\t\t\t\t\t\t\t\t\t@media only screen and (min-width: 1280px) and (max-width: 1440px) {\n\t\t\t\t\t\t.mkd-elements-holder .mkd-elements-holder-item-content.mkd-elements-holder-custom-789437 {\n\t\t\t\t\t\t\tpadding: 0 13% 0 5% !important;\n\t\t\t\t\t\t}\n\t\t\t\t\t}\n\n\t\t\t\t\t\t\t\t\t\t\t\t\t\t\t\t\t\t\t\t@media only screen and (min-width: 768px) and (max-width: 1024px) {\n\t\t\t\t\t\t.mkd-elements-holder .mkd-elements-holder-item-content.mkd-elements-holder-custom-789437 {\n\t\t\t\t\t\t\tpadding: 0 12% 1% 0% !important;\n\t\t\t\t\t\t}\n\t\t\t\t\t}\n\n\t\t\t\t\t\t\t\t\t\t\t\t\t\t\t\t\t\t\t\t\t\t\t\t<\/style>\n\t\t\t            \t\t\t    [vc_column_text]<\/p>\n<h3>Historia<\/h3>\n<p>[\/vc_column_text][vc_empty_space height=&#8221;17px&#8221;]<div class=\"mkd-section-title-holder\">\n\t<h2 class=\"mkd-section-title mkd-section-title-medium mkd-section-title-left\" style=\"text-align: left\">\n\tHistoria e FSHM<\/h2>\n<\/div>[vc_column_text]N\u00eb Prill 1947 u krijua pran\u00eb K\u00ebshillit t\u00eb Ministrave, Komiteti i Kultur\u00ebs Fizike dhe Sporteve me deg\u00ebt e ve\u00e7anta. N\u00eb vitin 1947 kemi p\u00ebrfaq\u00ebsimin e par\u00eb t\u00eb ekipit komb\u00ebtar t\u00eb mundjes n\u00eb veprimtari ballkanike.[\/vc_column_text][vc_empty_space height=&#8221;39px&#8221;]<a href=\"https:\/\/fshm.al\/index.php\/fshm\/\"\n   target=\"_self\" style=\"color: #ffffff;font-size: 12px\" class=\"mkd-btn mkd-btn-solid mkd-btn-medium mkd-btn-custom-hover-bg mkd-btn-custom-border-hover mkd-btn-custom-hover-color mkd-btn-hover-solid\" data-hover-bg-color=\"#28e782\" data-hover-color=\"#ffffff\" data-hover-border-color=\"#28e782\" >\n\t<span class=\"mkd-btn-text\">Lexo m\u00eb shum\u00eb<\/span>\n\t\n\t\n\t\t\t<span class=\"mkd-btn-helper\" style=\"background-color: #28e782\"><\/span>\n\t<\/a>[vc_empty_space height=&#8221;25px&#8221;]            \t\t<\/div>\n\t<\/div>\n<\/div><\/div>[\/vc_column][\/vc_row][vc_row row_type=&#8221;parallax&#8221; content_width=&#8221;grid&#8221; content_aligment=&#8221;center&#8221; full_screen_section_height=&#8221;no&#8221; parallax_background_image=&#8221;12669&#8243; css=&#8221;.vc_custom_1488286849195{padding-top: 113px !important;padding-bottom: 130px !important;}&#8221;][vc_column][vc_column_text]<\/p>\n<h3>Lajme<\/h3>\n<p>[\/vc_column_text][vc_empty_space height=&#8221;17px&#8221;]<div class=\"mkd-section-title-holder\">\n\t<h2 class=\"mkd-section-title mkd-section-title-medium mkd-section-title-center\" style=\"text-align: center\">\n\tLajmet e fundit<\/h2>\n<\/div>[vc_empty_space height=&#8221;57px&#8221;][vc_row_inner content_width=&#8221;grid&#8221;][vc_column_inner]<div class=\"mkd-blog-list-holder mkd-image-in-box\">\n\t\t<div class=\"mkd-blog-list clearfix\">\n\t\t\t\t<div class=\"mkd-blog-list-item clearfix post-16900 post type-post status-publish format-standard has-post-thumbnail hentry category-uncategorized\">\n\t<div class=\"mkd-blog-list-item-inner\">\n\t\t<div class=\"mkd-item-image clearfix\">\n\t\t\t<a href=\"https:\/\/fshm.al\/index.php\/2026\/03\/04\/turneu-muhamet-malo\/\">\n\t\t\t\t<img loading=\"lazy\" decoding=\"async\" width=\"150\" height=\"150\" src=\"https:\/\/fshm.al\/wp-content\/uploads\/2026\/03\/Black-and-White-Dark-Photocentric-Motivational-Quote-LinkedIn-Post.jpg\" class=\"attachment-thumbnail size-thumbnail wp-post-image\" alt=\"\" \/>\t\t\t<\/a>\n\t\t<\/div>\n\t\t<div class=\"mkd-item-text-holder\">\n\t\t\t<h5 class=\"mkd-item-title\">\n\t\t\t<a href=\"https:\/\/fshm.al\/index.php\/2026\/03\/04\/turneu-muhamet-malo\/\">\n\t\t\t\tTurneu Muhamet Malo\t\t\t<\/a>\n\t\t<\/h5>\n\n\t\t\t\t\t<p class=\"mkd-excerpt\">Nga data 25 shkurt deri m\u00eb 1 mars u zhvillua me sukses t\u00eb plot\u00eb turneu&nbsp;\u201cMuhamet MALO\u201d, i<\/p>\n\t\t\t\t<div class=\"mkd-item-date\">\n\t\t\t<span>March 4, 2026<\/span>\n\t\t<\/div>\n\t<\/div>\n\t<\/div>\n<\/div>\n<div class=\"mkd-blog-list-item clearfix post-16889 post type-post status-publish format-standard has-post-thumbnail hentry category-uncategorized\">\n\t<div class=\"mkd-blog-list-item-inner\">\n\t\t<div class=\"mkd-item-image clearfix\">\n\t\t\t<a href=\"https:\/\/fshm.al\/index.php\/2025\/12\/20\/erglena-domi-nuk-di-te-ndalet\/\">\n\t\t\t\t<img loading=\"lazy\" decoding=\"async\" width=\"150\" height=\"150\" src=\"https:\/\/fshm.al\/wp-content\/uploads\/2026\/02\/588736830_18067841981580281_3032120349055464139_n-150x150.jpg\" class=\"attachment-thumbnail size-thumbnail wp-post-image\" alt=\"\" srcset=\"https:\/\/fshm.al\/wp-content\/uploads\/2026\/02\/588736830_18067841981580281_3032120349055464139_n-150x150.jpg 150w, https:\/\/fshm.al\/wp-content\/uploads\/2026\/02\/588736830_18067841981580281_3032120349055464139_n-300x300.jpg 300w, https:\/\/fshm.al\/wp-content\/uploads\/2026\/02\/588736830_18067841981580281_3032120349055464139_n-1024x1024.jpg 1024w, https:\/\/fshm.al\/wp-content\/uploads\/2026\/02\/588736830_18067841981580281_3032120349055464139_n-768x768.jpg 768w, https:\/\/fshm.al\/wp-content\/uploads\/2026\/02\/588736830_18067841981580281_3032120349055464139_n-550x550.jpg 550w, https:\/\/fshm.al\/wp-content\/uploads\/2026\/02\/588736830_18067841981580281_3032120349055464139_n-1125x1125.jpg 1125w, https:\/\/fshm.al\/wp-content\/uploads\/2026\/02\/588736830_18067841981580281_3032120349055464139_n.jpg 1153w\" sizes=\"auto, (max-width: 150px) 100vw, 150px\" \/>\t\t\t<\/a>\n\t\t<\/div>\n\t\t<div class=\"mkd-item-text-holder\">\n\t\t\t<h5 class=\"mkd-item-title\">\n\t\t\t<a href=\"https:\/\/fshm.al\/index.php\/2025\/12\/20\/erglena-domi-nuk-di-te-ndalet\/\">\n\t\t\t\tErglena Domi nuk di t\u00eb ndalet!\t\t\t<\/a>\n\t\t<\/h5>\n\n\t\t\t\t\t<p class=\"mkd-excerpt\">Shk\u00eblqen s\u00ebrish duke fituar medaljen e bronzit n\u00eb turneun nd\u00ebrkomb\u00ebtar Zlatana Kokica n\u00eb Zagre<\/p>\n\t\t\t\t<div class=\"mkd-item-date\">\n\t\t\t<span>December 20, 2025<\/span>\n\t\t<\/div>\n\t<\/div>\n\t<\/div>\n<\/div>\n<div class=\"mkd-blog-list-item clearfix post-16892 post type-post status-publish format-standard hentry category-uncategorized\">\n\t<div class=\"mkd-blog-list-item-inner\">\n\t\t<div class=\"mkd-item-image clearfix\">\n\t\t\t<a href=\"https:\/\/fshm.al\/index.php\/2025\/11\/10\/kampioni-yne-jasin-gerbolli-ka-fituar-medaljen-e-arte-ne-turneun-nderkombetar\/\">\n\t\t\t\t\t\t\t<\/a>\n\t\t<\/div>\n\t\t<div class=\"mkd-item-text-holder\">\n\t\t\t<h5 class=\"mkd-item-title\">\n\t\t\t<a href=\"https:\/\/fshm.al\/index.php\/2025\/11\/10\/kampioni-yne-jasin-gerbolli-ka-fituar-medaljen-e-arte-ne-turneun-nderkombetar\/\">\n\t\t\t\tKampioni yn\u00eb Jasin Gerbolli ka fituar medaljen e Art\u00eb n\u00eb turneun nd\u00ebrkomb\u00ebtar\t\t\t<\/a>\n\t\t<\/h5>\n\n\t\t\t\t\t<p class=\"mkd-excerpt\">Kampioni yn\u00eb Jasin Gerbolli ka fituar medaljen e Art\u00eb n\u00eb turneun nd\u00ebrkomb\u00ebtar, ku mor\u00ebn pjes\u00eb<\/p>\n\t\t\t\t<div class=\"mkd-item-date\">\n\t\t\t<span>November 10, 2025<\/span>\n\t\t<\/div>\n\t<\/div>\n\t<\/div>\n<\/div>\n\t\t\t<\/div>\n<\/div>\n[vc_empty_space]<a href=\"https:\/\/fshm.al\/index.php\/lajmet\/\"\n   target=\"_self\"  class=\"mkd-btn mkd-btn-solid mkd-btn-medium mkd-btn-hover-solid\"  >\n\t<span class=\"mkd-btn-text\">M\u00eb shum\u00eb<\/span>\n\t\n\t\n\t\t\t<span class=\"mkd-btn-helper\" ><\/span>\n\t<\/a>[\/vc_column_inner][\/vc_row_inner][\/vc_column][\/vc_row]<\/p>\n","protected":false},"excerpt":{"rendered":"<p>[vc_row][vc_column][\/vc_column][\/vc_row][vc_row content_width=&#8221;grid&#8221; content_aligment=&#8221;center&#8221; css=&#8221;.vc_custom_1488277964084{padding-top: 90px !important;padding-bottom: 59px !important;background-image: url(http:\/\/topfit.mikado-themes.com\/wp-content\/uploads\/2017\/02\/h6-bckr-1.jpg?id=12637) !important;}&#8221;][vc_column][vc_column_text] FSHM [\/vc_column_text][vc_empty_space height=&#8221;17px&#8221;][vc_empty_space height=&#8221;48px&#8221;][vc_row_inner][vc_column_inner width=&#8221;1\/2&#8243; offset=&#8221;vc_col-lg-offset-0 vc_col-lg-3 vc_col-md-offset-1 vc_col-md-5 vc_col-xs-12&#8243;][\/vc_column_inner][vc_column_inner width=&#8221;1\/2&#8243; offset=&#8221;vc_col-lg-offset-0 vc_col-lg-3 vc_col-md-5 vc_col-xs-12&#8243;][\/vc_column_inner][vc_column_inner width=&#8221;1\/2&#8243; offset=&#8221;vc_col-lg-offset-0 vc_col-lg-3 vc_col-md-offset-1 vc_col-md-5 vc_col-xs-12&#8243;][\/vc_column_inner][vc_column_inner width=&#8221;1\/2&#8243; offset=&#8221;vc_col-lg-offset-0 vc_col-lg-3 vc_col-md-5 vc_col-xs-12&#8243;][\/vc_column_inner][\/vc_row_inner][\/vc_column][\/vc_row][vc_row content_width=&#8221;grid&#8221; content_aligment=&#8221;center&#8221; css=&#8221;.vc_custom_1486044379854{padding-top: 113px !important;padding-bottom: 96px !important;background-color: #fbfbfb !important;}&#8221;][vc_column][vc_column_text]&#8230;<\/p>\n","protected":false},"author":1,"featured_media":0,"parent":0,"menu_order":0,"comment_status":"closed","ping_status":"closed","template":"","meta":{"footnotes":""},"class_list":["post-12634","page","type-page","status-publish","hentry"],"_links":{"self":[{"href":"https:\/\/fshm.al\/index.php\/wp-json\/wp\/v2\/pages\/12634","targetHints":{"allow":["GET"]}}],"collection":[{"href":"https:\/\/fshm.al\/index.php\/wp-json\/wp\/v2\/pages"}],"about":[{"href":"https:\/\/fshm.al\/index.php\/wp-json\/wp\/v2\/types\/page"}],"author":[{"embeddable":true,"href":"https:\/\/fshm.al\/index.php\/wp-json\/wp\/v2\/users\/1"}],"replies":[{"embeddable":true,"href":"https:\/\/fshm.al\/index.php\/wp-json\/wp\/v2\/comments?post=12634"}],"version-history":[{"count":63,"href":"https:\/\/fshm.al\/index.php\/wp-json\/wp\/v2\/pages\/12634\/revisions"}],"predecessor-version":[{"id":16806,"href":"https:\/\/fshm.al\/index.php\/wp-json\/wp\/v2\/pages\/12634\/revisions\/16806"}],"wp:attachment":[{"href":"https:\/\/fshm.al\/index.php\/wp-json\/wp\/v2\/media?parent=12634"}],"curies":[{"name":"wp","href":"https:\/\/api.w.org\/{rel}","templated":true}]}}